{"id":1613,"date":"2018-03-14T14:09:48","date_gmt":"2018-03-14T13:09:48","guid":{"rendered":"https:\/\/www.hille-technik.de\/?page_id=1613"},"modified":"2018-09-05T08:00:28","modified_gmt":"2018-09-05T06:00:28","slug":"site-notice","status":"publish","type":"page","link":"https:\/\/www.hille-technik.de\/en\/site-notice\/","title":{"rendered":"Site Notice"},"content":{"rendered":"<h2>Site Notice<\/h2>\n<h3>Information pursuant to \u00a7 5 TMG:<\/h3>\n<p>HILLE CNC-PR\u00c4ZISIONSTECHNIK<br \/>\nAndre Hille<\/p>\n<p><strong>Postal Address:<\/strong><br \/>\nHarnischdorfer Stra\u00dfe 41<br \/>\n03058 Neuhausen\/Spree<\/p>\n<h3>Contact:<\/h3>\n<p>Phone: +49 (0) 35608 40028<br \/>\nFax :+49 (0) 35608 41756<br \/>\nE-Mail: <a href=\"mailto:hille.technik@hille-technik.de\">hille.technik@hille-technik.de<\/a><\/p>\n<p><strong>Represented by:<\/strong><br \/>\nAndre Hille<\/p>\n<p>VAT No. pursuant to \u00a727 a of the Value Added Tax Act: DE 138 79 56 10<\/p>\n<p><strong>Copyright notice:<\/strong><br \/>\nAuthor of the pictures\/photos used on the website: chairlines medienagentur<\/p>\n<p><em>The site notice has been created with the site notice-generator of activeMind AG.<\/em><\/p>\n<p>&nbsp;<\/p>\n<p><strong>Concept. Design. Realization:<br \/>\n<\/strong><\/p>\n<p>chairlines medienagentur<br \/>\nFriedrichstra\u00dfe 39<br \/>\n03130 Spremberg<br \/>\n03563 6080689<br \/>\ninfo@chairlines.de<br \/>\n<a href=\"http:\/\/www.chairlines.de\" target=\"_blank\" rel=\"noopener\">www.chairlines.de<\/a><\/p>\n","protected":false},"excerpt":{"rendered":"<p>Site Notice Information pursuant to \u00a7 5 TMG: HILLE CNC-PR\u00c4ZISIONSTECHNIK Andre Hille Postal Address: Harnischdorfer Stra\u00dfe 41 03058 Neuhausen\/Spree Contact:  [&#8230;]<\/p>\n","protected":false},"author":2,"featured_media":0,"parent":0,"menu_order":999,"comment_status":"closed","ping_status":"closed","template":"","meta":{"footnotes":""},"class_list":["post-1613","page","type-page","status-publish","hentry"],"yoast_head":"<!-- This site is optimized with the Yoast SEO plugin v27.4 - https:\/\/yoast.com\/product\/yoast-seo-wordpress\/ -->\n<title>Site Notice - Hille CNC Pr\u00e4zisionstechnik<\/title>\n<meta name=\"description\" content=\"Willkommen bei Ihrem kompetenten Fertiger. Wir sind die Spezialisten f\u00fcr individuell gefertigte Pr\u00e4zisions-, Fr\u00e4s-, und Drehteile. Profitieren Sie von unserem Leistungsspektrum um Ihre Kundenzufriedenheit und Wettbewerbsf\u00e4higkeit zu steigern!\" \/>\n<meta name=\"robots\" content=\"index, follow, max-snippet:-1, max-image-preview:large, max-video-preview:-1\" \/>\n<link rel=\"canonical\" href=\"https:\/\/www.hille-technik.de\/en\/site-notice\/\" \/>\n<meta property=\"og:locale\" content=\"en_US\" \/>\n<meta property=\"og:type\" content=\"article\" \/>\n<meta property=\"og:title\" content=\"Site Notice - Hille CNC Pr\u00e4zisionstechnik\" \/>\n<meta property=\"og:description\" content=\"Willkommen bei Ihrem kompetenten Fertiger. Wir sind die Spezialisten f\u00fcr individuell gefertigte Pr\u00e4zisions-, Fr\u00e4s-, und Drehteile. Profitieren Sie von unserem Leistungsspektrum um Ihre Kundenzufriedenheit und Wettbewerbsf\u00e4higkeit zu steigern!\" \/>\n<meta property=\"og:url\" content=\"https:\/\/www.hille-technik.de\/en\/site-notice\/\" \/>\n<meta property=\"og:site_name\" content=\"Hille CNC Pr\u00e4zisionstechnik\" \/>\n<meta property=\"article:modified_time\" content=\"2018-09-05T06:00:28+00:00\" \/>\n<meta name=\"twitter:card\" content=\"summary_large_image\" \/>\n<script type=\"application\/ld+json\" class=\"yoast-schema-graph\">{\"@context\":\"https:\\\/\\\/schema.org\",\"@graph\":[{\"@type\":\"WebPage\",\"@id\":\"https:\\\/\\\/www.hille-technik.de\\\/en\\\/site-notice\\\/\",\"url\":\"https:\\\/\\\/www.hille-technik.de\\\/en\\\/site-notice\\\/\",\"name\":\"Site Notice - Hille CNC Pr\u00e4zisionstechnik\",\"isPartOf\":{\"@id\":\"https:\\\/\\\/www.hille-technik.de\\\/#website\"},\"datePublished\":\"2018-03-14T13:09:48+00:00\",\"dateModified\":\"2018-09-05T06:00:28+00:00\",\"description\":\"Willkommen bei Ihrem kompetenten Fertiger. Wir sind die Spezialisten f\u00fcr individuell gefertigte Pr\u00e4zisions-, Fr\u00e4s-, und Drehteile. Profitieren Sie von unserem Leistungsspektrum um Ihre Kundenzufriedenheit und Wettbewerbsf\u00e4higkeit zu steigern!\",\"inLanguage\":\"en-US\",\"potentialAction\":[{\"@type\":\"ReadAction\",\"target\":[\"https:\\\/\\\/www.hille-technik.de\\\/en\\\/site-notice\\\/\"]}]},{\"@type\":\"WebSite\",\"@id\":\"https:\\\/\\\/www.hille-technik.de\\\/#website\",\"url\":\"https:\\\/\\\/www.hille-technik.de\\\/\",\"name\":\"Hille CNC Pr\u00e4zisionstechnik\",\"description\":\"\",\"publisher\":{\"@id\":\"https:\\\/\\\/www.hille-technik.de\\\/#organization\"},\"potentialAction\":[{\"@type\":\"SearchAction\",\"target\":{\"@type\":\"EntryPoint\",\"urlTemplate\":\"https:\\\/\\\/www.hille-technik.de\\\/?s={search_term_string}\"},\"query-input\":{\"@type\":\"PropertyValueSpecification\",\"valueRequired\":true,\"valueName\":\"search_term_string\"}}],\"inLanguage\":\"en-US\"},{\"@type\":\"Organization\",\"@id\":\"https:\\\/\\\/www.hille-technik.de\\\/#organization\",\"name\":\"HILLE CNC- Pr\u00e4zisionstechnik\",\"url\":\"https:\\\/\\\/www.hille-technik.de\\\/\",\"logo\":{\"@type\":\"ImageObject\",\"inLanguage\":\"en-US\",\"@id\":\"https:\\\/\\\/www.hille-technik.de\\\/#\\\/schema\\\/logo\\\/image\\\/\",\"url\":\"https:\\\/\\\/www.hille-technik.de\\\/s\\\/wp-content\\\/uploads\\\/2016\\\/06\\\/logo_hille_retina.png\",\"contentUrl\":\"https:\\\/\\\/www.hille-technik.de\\\/s\\\/wp-content\\\/uploads\\\/2016\\\/06\\\/logo_hille_retina.png\",\"width\":644,\"height\":130,\"caption\":\"HILLE CNC- Pr\u00e4zisionstechnik\"},\"image\":{\"@id\":\"https:\\\/\\\/www.hille-technik.de\\\/#\\\/schema\\\/logo\\\/image\\\/\"}}]}<\/script>\n<!-- \/ Yoast SEO plugin. -->","yoast_head_json":{"title":"Site Notice - Hille CNC Pr\u00e4zisionstechnik","description":"Willkommen bei Ihrem kompetenten Fertiger. Wir sind die Spezialisten f\u00fcr individuell gefertigte Pr\u00e4zisions-, Fr\u00e4s-, und Drehteile. Profitieren Sie von unserem Leistungsspektrum um Ihre Kundenzufriedenheit und Wettbewerbsf\u00e4higkeit zu steigern!","robots":{"index":"index","follow":"follow","max-snippet":"max-snippet:-1","max-image-preview":"max-image-preview:large","max-video-preview":"max-video-preview:-1"},"canonical":"https:\/\/www.hille-technik.de\/en\/site-notice\/","og_locale":"en_US","og_type":"article","og_title":"Site Notice - Hille CNC Pr\u00e4zisionstechnik","og_description":"Willkommen bei Ihrem kompetenten Fertiger. Wir sind die Spezialisten f\u00fcr individuell gefertigte Pr\u00e4zisions-, Fr\u00e4s-, und Drehteile. Profitieren Sie von unserem Leistungsspektrum um Ihre Kundenzufriedenheit und Wettbewerbsf\u00e4higkeit zu steigern!","og_url":"https:\/\/www.hille-technik.de\/en\/site-notice\/","og_site_name":"Hille CNC Pr\u00e4zisionstechnik","article_modified_time":"2018-09-05T06:00:28+00:00","twitter_card":"summary_large_image","schema":{"@context":"https:\/\/schema.org","@graph":[{"@type":"WebPage","@id":"https:\/\/www.hille-technik.de\/en\/site-notice\/","url":"https:\/\/www.hille-technik.de\/en\/site-notice\/","name":"Site Notice - Hille CNC Pr\u00e4zisionstechnik","isPartOf":{"@id":"https:\/\/www.hille-technik.de\/#website"},"datePublished":"2018-03-14T13:09:48+00:00","dateModified":"2018-09-05T06:00:28+00:00","description":"Willkommen bei Ihrem kompetenten Fertiger. Wir sind die Spezialisten f\u00fcr individuell gefertigte Pr\u00e4zisions-, Fr\u00e4s-, und Drehteile. Profitieren Sie von unserem Leistungsspektrum um Ihre Kundenzufriedenheit und Wettbewerbsf\u00e4higkeit zu steigern!","inLanguage":"en-US","potentialAction":[{"@type":"ReadAction","target":["https:\/\/www.hille-technik.de\/en\/site-notice\/"]}]},{"@type":"WebSite","@id":"https:\/\/www.hille-technik.de\/#website","url":"https:\/\/www.hille-technik.de\/","name":"Hille CNC Pr\u00e4zisionstechnik","description":"","publisher":{"@id":"https:\/\/www.hille-technik.de\/#organization"},"potentialAction":[{"@type":"SearchAction","target":{"@type":"EntryPoint","urlTemplate":"https:\/\/www.hille-technik.de\/?s={search_term_string}"},"query-input":{"@type":"PropertyValueSpecification","valueRequired":true,"valueName":"search_term_string"}}],"inLanguage":"en-US"},{"@type":"Organization","@id":"https:\/\/www.hille-technik.de\/#organization","name":"HILLE CNC- Pr\u00e4zisionstechnik","url":"https:\/\/www.hille-technik.de\/","logo":{"@type":"ImageObject","inLanguage":"en-US","@id":"https:\/\/www.hille-technik.de\/#\/schema\/logo\/image\/","url":"https:\/\/www.hille-technik.de\/s\/wp-content\/uploads\/2016\/06\/logo_hille_retina.png","contentUrl":"https:\/\/www.hille-technik.de\/s\/wp-content\/uploads\/2016\/06\/logo_hille_retina.png","width":644,"height":130,"caption":"HILLE CNC- Pr\u00e4zisionstechnik"},"image":{"@id":"https:\/\/www.hille-technik.de\/#\/schema\/logo\/image\/"}}]}},"_links":{"self":[{"href":"https:\/\/www.hille-technik.de\/en\/wp-json\/wp\/v2\/pages\/1613","targetHints":{"allow":["GET"]}}],"collection":[{"href":"https:\/\/www.hille-technik.de\/en\/wp-json\/wp\/v2\/pages"}],"about":[{"href":"https:\/\/www.hille-technik.de\/en\/wp-json\/wp\/v2\/types\/page"}],"author":[{"embeddable":true,"href":"https:\/\/www.hille-technik.de\/en\/wp-json\/wp\/v2\/users\/2"}],"replies":[{"embeddable":true,"href":"https:\/\/www.hille-technik.de\/en\/wp-json\/wp\/v2\/comments?post=1613"}],"version-history":[{"count":20,"href":"https:\/\/www.hille-technik.de\/en\/wp-json\/wp\/v2\/pages\/1613\/revisions"}],"predecessor-version":[{"id":1877,"href":"https:\/\/www.hille-technik.de\/en\/wp-json\/wp\/v2\/pages\/1613\/revisions\/1877"}],"wp:attachment":[{"href":"https:\/\/www.hille-technik.de\/en\/wp-json\/wp\/v2\/media?parent=1613"}],"curies":[{"name":"wp","href":"https:\/\/api.w.org\/{rel}","templated":true}]}}